{"id":375,"date":"2025-03-18T19:08:48","date_gmt":"2025-03-18T19:08:48","guid":{"rendered":"https:\/\/lounadekker.com\/?page_id=375"},"modified":"2026-04-19T14:46:49","modified_gmt":"2026-04-19T14:46:49","slug":"la-chambre-de-musique","status":"publish","type":"page","link":"https:\/\/lounadekker.com\/fr\/la-chambre-de-musique\/","title":{"rendered":"La Chambre de Musique"},"content":{"rendered":"<h2 class=\"wp-block-heading has-text-align-right\">Une association de musique Parisienne<\/h2>\n\n\n\n<p>Dedicated to creating rencontres musicales for Parisians and internationals, centered around chamber music.<\/p>\n\n\n\n<h2 class=\"wp-block-heading\">Projets<\/h2>\n\n\n\n<figure class=\"wp-block-image size-large\"><img loading=\"lazy\" decoding=\"async\" width=\"1024\" height=\"1020\" src=\"https:\/\/lounadekker.com\/wp-content\/uploads\/2025\/03\/concertsduchoeur_photo4-1024x1020.jpeg\" alt=\"\" class=\"wp-image-376\" srcset=\"https:\/\/lounadekker.com\/wp-content\/uploads\/2025\/03\/concertsduchoeur_photo4-1024x1020.jpeg 1024w, https:\/\/lounadekker.com\/wp-content\/uploads\/2025\/03\/concertsduchoeur_photo4-300x300.jpeg 300w, https:\/\/lounadekker.com\/wp-content\/uploads\/2025\/03\/concertsduchoeur_photo4-150x150.jpeg 150w, https:\/\/lounadekker.com\/wp-content\/uploads\/2025\/03\/concertsduchoeur_photo4-768x765.jpeg 768w, https:\/\/lounadekker.com\/wp-content\/uploads\/2025\/03\/concertsduchoeur_photo4-1536x1530.jpeg 1536w, https:\/\/lounadekker.com\/wp-content\/uploads\/2025\/03\/concertsduchoeur_photo4-12x12.jpeg 12w, https:\/\/lounadekker.com\/wp-content\/uploads\/2025\/03\/concertsduchoeur_photo4.jpeg 1600w\" sizes=\"auto, (max-width: 1024px) 100vw, 1024px\" \/><figcaption class=\"wp-element-caption\">Dans le Grand Salon du Coll\u00e8ge N\u00e9erlandais, un concept de social mixer innovateur a vu le jour<\/figcaption><\/figure>\n\n\n\n<h2 class=\"wp-block-heading\">Le Concept: Concerts \"Speed Dating\"<\/h2>\n\n\n\n<p>Le concert \u00ab Speed Dating \u00bb permet au public de d\u00e9couvrir la musique classique et de s'entrecroiser de mani\u00e8re in\u00e9dite et passionnante ! Le groupe de chambre interpr\u00e8te de courtes \u0153uvres musicales, stimulant la conversation pour des paires d'auditeurs assis de mani\u00e8re al\u00e9atoire. Apr\u00e8s la performance et le dialogue, le ma\u00eetre de c\u00e9r\u00e9monie dirige les membres du public vers une nouvelle configuration, \u00e0 la mani\u00e8re d'un speed-dating.<\/p>\n\n\n\n<p>Disponible pour les week-ends de retraite d'entreprise et d'autres contextes d'entreprise \u00e9galement.<\/p>\n\n\n\n<figure class=\"wp-block-gallery has-nested-images columns-default is-cropped wp-block-gallery-1 is-layout-flex wp-block-gallery-is-layout-flex\">\n<figure class=\"wp-block-image size-large\"><img loading=\"lazy\" decoding=\"async\" width=\"1024\" height=\"684\" data-id=\"377\" src=\"https:\/\/lounadekker.com\/wp-content\/uploads\/2025\/03\/35515037_1297610343721797_4366105784216453120_n-1024x684.jpg\" alt=\"\" class=\"wp-image-377\" srcset=\"https:\/\/lounadekker.com\/wp-content\/uploads\/2025\/03\/35515037_1297610343721797_4366105784216453120_n-1024x684.jpg 1024w, https:\/\/lounadekker.com\/wp-content\/uploads\/2025\/03\/35515037_1297610343721797_4366105784216453120_n-300x200.jpg 300w, https:\/\/lounadekker.com\/wp-content\/uploads\/2025\/03\/35515037_1297610343721797_4366105784216453120_n-768x513.jpg 768w, https:\/\/lounadekker.com\/wp-content\/uploads\/2025\/03\/35515037_1297610343721797_4366105784216453120_n-1536x1025.jpg 1536w, https:\/\/lounadekker.com\/wp-content\/uploads\/2025\/03\/35515037_1297610343721797_4366105784216453120_n-18x12.jpg 18w, https:\/\/lounadekker.com\/wp-content\/uploads\/2025\/03\/35515037_1297610343721797_4366105784216453120_n.jpg 1600w\" sizes=\"auto, (max-width: 1024px) 100vw, 1024px\" \/><\/figure>\n<\/figure>\n\n\n\n<h2 class=\"wp-block-heading\">Concerts de musique de chambre int\u00e9gr\u00e9s \u00e0 des conf\u00e9rences priv\u00e9es<\/h2>\n\n\n\n<figure class=\"wp-block-image size-large\"><img loading=\"lazy\" decoding=\"async\" width=\"1024\" height=\"683\" src=\"https:\/\/lounadekker.com\/wp-content\/uploads\/2025\/03\/43370000_10201877541440120_3731644071265959936_n-1-1024x683.jpg\" alt=\"\" class=\"wp-image-379\" srcset=\"https:\/\/lounadekker.com\/wp-content\/uploads\/2025\/03\/43370000_10201877541440120_3731644071265959936_n-1-1024x683.jpg 1024w, https:\/\/lounadekker.com\/wp-content\/uploads\/2025\/03\/43370000_10201877541440120_3731644071265959936_n-1-300x200.jpg 300w, https:\/\/lounadekker.com\/wp-content\/uploads\/2025\/03\/43370000_10201877541440120_3731644071265959936_n-1-768x512.jpg 768w, https:\/\/lounadekker.com\/wp-content\/uploads\/2025\/03\/43370000_10201877541440120_3731644071265959936_n-1-1536x1024.jpg 1536w, https:\/\/lounadekker.com\/wp-content\/uploads\/2025\/03\/43370000_10201877541440120_3731644071265959936_n-1-18x12.jpg 18w, https:\/\/lounadekker.com\/wp-content\/uploads\/2025\/03\/43370000_10201877541440120_3731644071265959936_n-1.jpg 2048w\" sizes=\"auto, (max-width: 1024px) 100vw, 1024px\" \/><\/figure>\n\n\n\n<p>Le concept:<\/p>\n\n\n\n<p>Insufflez \u00e0 la conf\u00e9rence de votre entreprise l'\u00e9nergie vitale des interludes musicaux, int\u00e9gr\u00e9s au programme de la journ\u00e9e, qui \u00e9veillera la sensibilit\u00e9 et l'esprit de votre public et le maintiendra en \u00e9veil. De nombreuses conf\u00e9rences se d\u00e9roulent sur de grandes sc\u00e8nes et dans des salles de conf\u00e9rence parfaites pour accueillir l'un de nos remarquable ensembles qui savent comment travailler une sc\u00e8ne et un public avec \u00e9l\u00e9gance et bon go\u00fbt.<\/p>\n\n\n\n<figure class=\"wp-block-gallery has-nested-images columns-default is-cropped wp-block-gallery-2 is-layout-flex wp-block-gallery-is-layout-flex\">\n<figure class=\"wp-block-image size-large\"><img loading=\"lazy\" decoding=\"async\" width=\"720\" height=\"480\" data-id=\"380\" src=\"https:\/\/lounadekker.com\/wp-content\/uploads\/2025\/03\/464589754_8730262217067419_584485685456539653_n.jpg\" alt=\"\" class=\"wp-image-380\" srcset=\"https:\/\/lounadekker.com\/wp-content\/uploads\/2025\/03\/464589754_8730262217067419_584485685456539653_n.jpg 720w, https:\/\/lounadekker.com\/wp-content\/uploads\/2025\/03\/464589754_8730262217067419_584485685456539653_n-300x200.jpg 300w, https:\/\/lounadekker.com\/wp-content\/uploads\/2025\/03\/464589754_8730262217067419_584485685456539653_n-18x12.jpg 18w\" sizes=\"auto, (max-width: 720px) 100vw, 720px\" \/><\/figure>\n<\/figure>\n\n\n\n<h2 class=\"wp-block-heading\">Bains Sonores en Nature<\/h2>\n\n\n\n<p>Le concept : Nos ensembles travaillent avec des compositeurs vivants pour cr\u00e9er et interpr\u00e9ter de la musique sp\u00e9cialement compos\u00e9e pour des espaces verts en plein air. L'ensemble joue une musique limpide et \u00e9th\u00e9r\u00e9e dans ce cadre naturel, tandis que le public est libre de se promener sur le terrain, chacun encourag\u00e9 \u00e0 prendre le temps de r\u00e9fl\u00e9chir dans cette ambiance relaxante. Lors de week-ends d'entreprise, nous des questions de r\u00e9flexion concevons la s\u00e9ance avec le directeur du programme pour. Les employ\u00e9s re\u00e7oivent des questions ouvertes et de quoi \u00e9crire, leur offrant le temps de r\u00e9fl\u00e9chir, de faire le point sur leur exp\u00e9rience au travail, et peut-\u00eatre m\u00eame de faire \u00e9clore une nouvelle id\u00e9e, au milieu de ce bain de sons musicaux. <\/p>\n\n\n\n<p><\/p>\n\n\n\n<p><\/p>\n\n\n\n<p>Contactez l'association \u00e0 : \nthemusicianscraft@gmail.com<\/p>\n\n\n\n<p>pour nous parler de votre \u00e9v\u00e9nement et voir si nous pouvons travailler ensemble pour cr\u00e9er un beau week-end !<\/p>","protected":false},"excerpt":{"rendered":"<p>A Parisian musical organization Dedicated to creating rencontres musicales for Parisians and internationals, centered around chamber music. Projects The Concept : Speed Dating Concerts Speed Dating concert, bring audiences to engage with classical music and each other in a new and exciting way! The chamber group performs short musical works, stimulating conversation for randomly seated [&hellip;]<\/p>\n","protected":false},"author":1,"featured_media":0,"parent":0,"menu_order":0,"comment_status":"closed","ping_status":"closed","template":"","meta":{"footnotes":""},"class_list":["post-375","page","type-page","status-publish","hentry"],"_links":{"self":[{"href":"https:\/\/lounadekker.com\/fr\/wp-json\/wp\/v2\/pages\/375","targetHints":{"allow":["GET"]}}],"collection":[{"href":"https:\/\/lounadekker.com\/fr\/wp-json\/wp\/v2\/pages"}],"about":[{"href":"https:\/\/lounadekker.com\/fr\/wp-json\/wp\/v2\/types\/page"}],"author":[{"embeddable":true,"href":"https:\/\/lounadekker.com\/fr\/wp-json\/wp\/v2\/users\/1"}],"replies":[{"embeddable":true,"href":"https:\/\/lounadekker.com\/fr\/wp-json\/wp\/v2\/comments?post=375"}],"version-history":[{"count":4,"href":"https:\/\/lounadekker.com\/fr\/wp-json\/wp\/v2\/pages\/375\/revisions"}],"predecessor-version":[{"id":404,"href":"https:\/\/lounadekker.com\/fr\/wp-json\/wp\/v2\/pages\/375\/revisions\/404"}],"wp:attachment":[{"href":"https:\/\/lounadekker.com\/fr\/wp-json\/wp\/v2\/media?parent=375"}],"curies":[{"name":"wp","href":"https:\/\/api.w.org\/{rel}","templated":true}]}}